{"id":991,"date":"2013-11-09T02:42:21","date_gmt":"2013-11-09T01:42:21","guid":{"rendered":"http:\/\/themes.slicetheme.com\/skypress\/?page_id=991"},"modified":"2023-06-14T14:32:24","modified_gmt":"2023-06-14T12:32:24","slug":"home","status":"publish","type":"page","link":"https:\/\/www.garage-vonlanthen.ch\/","title":{"rendered":"Home"},"content":{"rendered":"<p>[vc_row css=&#8220;.vc_custom_1520932781036{margin-top: 20px !important;margin-right: 0px !important;margin-bottom: 0px !important;margin-left: 0px !important;padding-top: 0px !important;padding-right: 0px !important;padding-bottom: 0px !important;padding-left: 0px !important;}&#8220;][vc_column][rev_slider_vc alias=&#8220;bp_slider&#8220;][\/vc_column][\/vc_row][vc_row css=&#8220;.vc_custom_1520932767186{padding-top: 20px !important;padding-bottom: 5px !important;}&#8220;][vc_column width=&#8220;2\/3&#8243;][st_heading title=&#8220;Herzlich Willkommen bei der Garage Vonlanthen&#8220;]Bei uns dreht sich alles um die hohen Anspr\u00fcche und die vielseitigen W\u00fcnsche unserer Kundinnen und Kunden, denn Ihre Zufriedenheit ist nicht nur unsere t\u00e4gliche Herausforderung sondern gleichzeitig auch unser gr\u00f6sstes Anliegen.<\/p>\n<p>Wir sind gerne f\u00fcr Sie da und freuen uns auf Ihren Besuch.[\/st_heading][\/vc_column][vc_column width=&#8220;1\/3&#8243;][st_heading title=&#8220;Nissan Schweiz&#8220;]<a href=\"http:\/\/www.nissan.ch\/\" target=\"_blank\" rel=\"noopener\">Entdecken Sie die Welt von NISSAN: vom Stadtauto \u00fcber Crossover und Sportwagen bis Nutzfahrzeug oder Elektroauto.<\/a>[\/st_heading][\/vc_column][\/vc_row][vc_row css=&#8220;.vc_custom_1518530316393{margin-bottom: 35px !important;padding-top: 20px !important;padding-bottom: 20px !important;}&#8220;][vc_column width=&#8220;1\/3&#8243;][vc_hoverbox image=&#8220;3127&#8243; primary_title=&#8220;&#8220; hover_title=&#8220;Fahrzeugangebot&#8220; hover_background_color=&#8220;custom&#8220; hover_btn_title=&#8220;Fahrzeugangebot&#8220; hover_btn_color=&#8220;mulled-wine&#8220; hover_add_button=&#8220;true&#8220; hover_btn_link=&#8220;url:https%3A%2F%2Fwww.garage-vonlanthen.ch%2Findex.php%2Fverkauf%2F|||&#8220;][\/vc_hoverbox][vc_empty_space][\/vc_column][vc_column width=&#8220;1\/3&#8243;][vc_hoverbox image=&#8220;3132&#8243; primary_title=&#8220;&#8220; hover_title=&#8220;Dienstleistungen&#8220; hover_background_color=&#8220;custom&#8220; hover_btn_title=&#8220;Dienstleistungen&#8220; hover_btn_color=&#8220;mulled-wine&#8220; hover_add_button=&#8220;true&#8220; hover_btn_link=&#8220;url:https%3A%2F%2Fwww.garage-vonlanthen.ch%2Findex.php%2Fdienstleistungen%2F|||&#8220;][\/vc_hoverbox][vc_empty_space][\/vc_column][vc_column width=&#8220;1\/3&#8243;][vc_hoverbox image=&#8220;3130&#8243; primary_title=&#8220;&#8220; hover_title=&#8220;Kontakt&#8220; hover_background_color=&#8220;custom&#8220; hover_btn_title=&#8220;Kontakt&#8220; hover_btn_color=&#8220;mulled-wine&#8220; hover_add_button=&#8220;true&#8220; hover_btn_link=&#8220;url:https%3A%2F%2Fwww.garage-vonlanthen.ch%2Findex.php%2Fkontakt%2F|||&#8220;][\/vc_hoverbox][vc_empty_space][\/vc_column][\/vc_row][vc_row][vc_column][vc_separator][\/vc_column][\/vc_row]<\/p>\n","protected":false},"excerpt":{"rendered":"<p>[vc_row css=&#8220;.vc_custom_1520932781036{margin-top: 20px !important;margin-right: 0px !important;margin-bottom: 0px !important;margin-left: 0px !important;padding-top: 0px !important;padding-right: 0px !important;padding-bottom: 0px !important;padding-left: 0px !important;}&#8220;][vc_column][rev_slider_vc alias=&#8220;bp_slider&#8220;][\/vc_column][\/vc_row][vc_row css=&#8220;.vc_custom_1520932767186{padding-top: 20px !important;padding-bottom: 5px !important;}&#8220;][vc_column width=&#8220;2\/3&#8243;][st_heading title=&#8220;Herzlich Willkommen bei der Garage Vonlanthen&#8220;]Bei uns dreht sich alles um die hohen Anspr\u00fcche und die vielseitigen W\u00fcnsche unserer Kundinnen und Kunden, denn Ihre Zufriedenheit ist nicht nur unsere t\u00e4gliche [&hellip;]<\/p>\n","protected":false},"author":1,"featured_media":0,"parent":0,"menu_order":0,"comment_status":"closed","ping_status":"closed","template":"","meta":[],"_links":{"self":[{"href":"https:\/\/www.garage-vonlanthen.ch\/index.php\/wp-json\/wp\/v2\/pages\/991"}],"collection":[{"href":"https:\/\/www.garage-vonlanthen.ch\/index.php\/wp-json\/wp\/v2\/pages"}],"about":[{"href":"https:\/\/www.garage-vonlanthen.ch\/index.php\/wp-json\/wp\/v2\/types\/page"}],"author":[{"embeddable":true,"href":"https:\/\/www.garage-vonlanthen.ch\/index.php\/wp-json\/wp\/v2\/users\/1"}],"replies":[{"embeddable":true,"href":"https:\/\/www.garage-vonlanthen.ch\/index.php\/wp-json\/wp\/v2\/comments?post=991"}],"version-history":[{"count":54,"href":"https:\/\/www.garage-vonlanthen.ch\/index.php\/wp-json\/wp\/v2\/pages\/991\/revisions"}],"predecessor-version":[{"id":3167,"href":"https:\/\/www.garage-vonlanthen.ch\/index.php\/wp-json\/wp\/v2\/pages\/991\/revisions\/3167"}],"wp:attachment":[{"href":"https:\/\/www.garage-vonlanthen.ch\/index.php\/wp-json\/wp\/v2\/media?parent=991"}],"curies":[{"name":"wp","href":"https:\/\/api.w.org\/{rel}","templated":true}]}}