{"id":2989,"date":"2018-02-08T16:51:42","date_gmt":"2018-02-08T15:51:42","guid":{"rendered":"http:\/\/garagevo.cyon.link\/?page_id=2989"},"modified":"2024-06-24T15:02:40","modified_gmt":"2024-06-24T13:02:40","slug":"firmenprofil","status":"publish","type":"page","link":"https:\/\/www.garage-vonlanthen.ch\/index.php\/firmenprofil\/","title":{"rendered":"\u00dcber uns"},"content":{"rendered":"<p>[vc_row css=&#8220;.vc_custom_1518533089947{padding-top: 50px !important;}&#8220;][vc_column][st_heading align=&#8220;center&#8220; title=&#8220;Ihre Zufriedenheit ist unser Ziel&#8220;][\/st_heading][\/vc_column][\/vc_row][vc_row][vc_column][vc_empty_space][\/vc_column][\/vc_row][vc_row css=&#8220;.vc_custom_1520244423228{padding-bottom: 50px !important;}&#8220;][vc_column width=&#8220;1\/3&#8243;][st_heading align=&#8220;center&#8220; title=&#8220;Ziele&#8220;]Unsere Markenzeichen sind Qualit\u00e4t, Zuverl\u00e4ssigkeit und Know-how.<br \/>\nUnser Kundenservice gen\u00fcgt h\u00f6chsten Qualit\u00e4tsanspr\u00fcchen.<br \/>\nWir streben einen stetigen Ausbau unserer Kompetenzen und eine marktf\u00fchrende Position auf all unseren T\u00e4tigkeiten an.[\/st_heading][\/vc_column][vc_column width=&#8220;1\/3&#8243;][st_heading align=&#8220;center&#8220; title=&#8220; Auftrag &#8222;]Die Orientierung an Kundenbed\u00fcrfnissen geniesst bei jeder Gesch\u00e4ftst\u00e4tigkeit h\u00f6chste Priorit\u00e4t. Wir leben eine glaubw\u00fcrdige, transparente und kompetente Partnerschaft mit unseren Kunden, Lieferanten und Mitarbeitern.[\/st_heading][\/vc_column][vc_column width=&#8220;1\/3&#8243;][st_heading align=&#8220;center&#8220; title=&#8220;St\u00e4rke&#8220;]Zu unseren gr\u00f6ssten St\u00e4rken geh\u00f6ren die Produkte die wir vertreiben und unsere qualifizierten und motivierten Mitarbeiter.<\/p>\n<p>Die Mitarbeiter zeichnen sich aus durch Flexibilit\u00e4t, fachliche- und soziale Kompetenz.[\/st_heading][\/vc_column][\/vc_row]<\/p>\n","protected":false},"excerpt":{"rendered":"<p>[vc_row css=&#8220;.vc_custom_1518533089947{padding-top: 50px !important;}&#8220;][vc_column][st_heading align=&#8220;center&#8220; title=&#8220;Ihre Zufriedenheit ist unser Ziel&#8220;][\/st_heading][\/vc_column][\/vc_row][vc_row][vc_column][vc_empty_space][\/vc_column][\/vc_row][vc_row css=&#8220;.vc_custom_1520244423228{padding-bottom: 50px !important;}&#8220;][vc_column width=&#8220;1\/3&#8243;][st_heading align=&#8220;center&#8220; title=&#8220;Ziele&#8220;]Unsere Markenzeichen sind Qualit\u00e4t, Zuverl\u00e4ssigkeit und Know-how. Unser Kundenservice gen\u00fcgt h\u00f6chsten Qualit\u00e4tsanspr\u00fcchen. Wir streben einen stetigen Ausbau unserer Kompetenzen und eine marktf\u00fchrende Position auf all unseren T\u00e4tigkeiten an.[\/st_heading][\/vc_column][vc_column width=&#8220;1\/3&#8243;][st_heading align=&#8220;center&#8220; title=&#8220; Auftrag &#8222;]Die Orientierung an Kundenbed\u00fcrfnissen geniesst bei jeder Gesch\u00e4ftst\u00e4tigkeit [&hellip;]<\/p>\n","protected":false},"author":1,"featured_media":0,"parent":0,"menu_order":0,"comment_status":"closed","ping_status":"closed","template":"","meta":[],"_links":{"self":[{"href":"https:\/\/www.garage-vonlanthen.ch\/index.php\/wp-json\/wp\/v2\/pages\/2989"}],"collection":[{"href":"https:\/\/www.garage-vonlanthen.ch\/index.php\/wp-json\/wp\/v2\/pages"}],"about":[{"href":"https:\/\/www.garage-vonlanthen.ch\/index.php\/wp-json\/wp\/v2\/types\/page"}],"author":[{"embeddable":true,"href":"https:\/\/www.garage-vonlanthen.ch\/index.php\/wp-json\/wp\/v2\/users\/1"}],"replies":[{"embeddable":true,"href":"https:\/\/www.garage-vonlanthen.ch\/index.php\/wp-json\/wp\/v2\/comments?post=2989"}],"version-history":[{"count":7,"href":"https:\/\/www.garage-vonlanthen.ch\/index.php\/wp-json\/wp\/v2\/pages\/2989\/revisions"}],"predecessor-version":[{"id":3135,"href":"https:\/\/www.garage-vonlanthen.ch\/index.php\/wp-json\/wp\/v2\/pages\/2989\/revisions\/3135"}],"wp:attachment":[{"href":"https:\/\/www.garage-vonlanthen.ch\/index.php\/wp-json\/wp\/v2\/media?parent=2989"}],"curies":[{"name":"wp","href":"https:\/\/api.w.org\/{rel}","templated":true}]}}